{"id":6090,"date":"2024-02-01T13:56:08","date_gmt":"2024-02-01T17:56:08","guid":{"rendered":"https:\/\/skyhighdo.com\/mascota-de-servicio\/"},"modified":"2025-04-24T11:11:54","modified_gmt":"2025-04-24T15:11:54","slug":"service-mascotte","status":"publish","type":"page","link":"https:\/\/skyhighdo.com\/fr\/service-mascotte\/","title":{"rendered":"Animal de compagnie"},"content":{"rendered":"\t\t<div data-elementor-type=\"wp-page\" data-elementor-id=\"6090\" class=\"elementor elementor-6090 elementor-2157\" data-elementor-post-type=\"page\">\n\t\t\t\t<div data-dce-background-overlay-color=\"#000000\" data-dce-background-image-url=\"https:\/\/beta.skyhighdo.com\/wp-content\/uploads\/2025\/04\/mascota-servicio-main-image-skyhigh.jpg\" class=\"elementor-element elementor-element-c50f8d3 e-flex e-con-boxed e-con e-parent\" data-id=\"c50f8d3\" data-element_type=\"container\" data-settings=\"{&quot;background_background&quot;:&quot;classic&quot;}\">\n\t\t\t\t\t<div class=\"e-con-inner\">\n\t\t\t\t<div class=\"elementor-element elementor-element-deaa681 elementor-widget__width-initial elementor-widget elementor-widget-heading\" data-id=\"deaa681\" data-element_type=\"widget\" data-widget_type=\"heading.default\">\n\t\t\t\t<div class=\"elementor-widget-container\">\n\t\t\t\t\t<h1 class=\"elementor-heading-title elementor-size-default\">Animaux de service<\/h1>\t\t\t\t<\/div>\n\t\t\t\t<\/div>\n\t\t\t\t\t<\/div>\n\t\t\t\t<\/div>\n\t\t<div class=\"elementor-element elementor-element-0c4d6fe e-flex e-con-boxed e-con e-parent\" data-id=\"0c4d6fe\" data-element_type=\"container\" data-settings=\"{&quot;background_background&quot;:&quot;classic&quot;}\">\n\t\t\t\t\t<div class=\"e-con-inner\">\n\t\t<div class=\"elementor-element elementor-element-e5d2599 e-con-full e-flex e-con e-child\" data-id=\"e5d2599\" data-element_type=\"container\">\n\t\t\t\t<div class=\"elementor-element elementor-element-4c96b14 elementor-widget elementor-widget-heading\" data-id=\"4c96b14\" data-element_type=\"widget\" data-widget_type=\"heading.default\">\n\t\t\t\t<div class=\"elementor-widget-container\">\n\t\t\t\t\t<h2 class=\"elementor-heading-title elementor-size-default\">\u00bfQu'est-ce qu'un animal de compagnie?<\/h2>\t\t\t\t<\/div>\n\t\t\t\t<\/div>\n\t\t\t\t<div class=\"elementor-element elementor-element-741899b elementor-widget elementor-widget-text-editor\" data-id=\"741899b\" data-element_type=\"widget\" data-widget_type=\"text-editor.default\">\n\t\t\t\t<div class=\"elementor-widget-container\">\n\t\t\t\t\t\t\t\t\t<p>Animaux dress\u00e9s pour fournir une assistance ou effectuer des t\u00e2ches pour les personnes handicap\u00e9es. Ils peuvent : <\/p>\n\t\t\t\t\t\t\t\t<\/div>\n\t\t\t\t<\/div>\n\t\t\t\t<div class=\"elementor-element elementor-element-aaba1b2 elementor-widget elementor-widget-spacer\" data-id=\"aaba1b2\" data-element_type=\"widget\" data-widget_type=\"spacer.default\">\n\t\t\t\t<div class=\"elementor-widget-container\">\n\t\t\t\t\t\t\t<div class=\"elementor-spacer\">\n\t\t\t<div class=\"elementor-spacer-inner\"><\/div>\n\t\t<\/div>\n\t\t\t\t\t\t<\/div>\n\t\t\t\t<\/div>\n\t\t\t\t<div class=\"elementor-element elementor-element-17275d9 elementor-icon-list--layout-traditional elementor-list-item-link-full_width elementor-widget elementor-widget-icon-list\" data-id=\"17275d9\" data-element_type=\"widget\" data-widget_type=\"icon-list.default\">\n\t\t\t\t<div class=\"elementor-widget-container\">\n\t\t\t\t\t\t\t<ul class=\"elementor-icon-list-items\">\n\t\t\t\t\t\t\t<li class=\"elementor-icon-list-item\">\n\t\t\t\t\t\t\t\t\t\t\t<span class=\"elementor-icon-list-icon\">\n\t\t\t\t\t\t\t<svg xmlns=\"http:\/\/www.w3.org\/2000\/svg\" width=\"20\" height=\"20\" viewBox=\"0 0 20 20\" fill=\"none\"><g clip-path=\"url(#clip0_860_6809)\"><path d=\"M6.25033 9.99935L8.75033 12.4993L13.7503 7.49935M18.3337 9.99935C18.3337 14.6017 14.6027 18.3327 10.0003 18.3327C5.39795 18.3327 1.66699 14.6017 1.66699 9.99935C1.66699 5.39698 5.39795 1.66602 10.0003 1.66602C14.6027 1.66602 18.3337 5.39698 18.3337 9.99935Z\" stroke=\"#49A83C\" stroke-width=\"1.5\" stroke-linecap=\"round\" stroke-linejoin=\"round\"><\/path><\/g><defs><clipPath id=\"clip0_860_6809\"><rect width=\"20\" height=\"20\" fill=\"white\"><\/rect><\/clipPath><\/defs><\/svg>\t\t\t\t\t\t<\/span>\n\t\t\t\t\t\t\t\t\t\t<span class=\"elementor-icon-list-text\">Guider les personnes aveugles.<\/span>\n\t\t\t\t\t\t\t\t\t<\/li>\n\t\t\t\t\t\t\t\t<li class=\"elementor-icon-list-item\">\n\t\t\t\t\t\t\t\t\t\t\t<span class=\"elementor-icon-list-icon\">\n\t\t\t\t\t\t\t<svg xmlns=\"http:\/\/www.w3.org\/2000\/svg\" width=\"20\" height=\"20\" viewBox=\"0 0 20 20\" fill=\"none\"><g clip-path=\"url(#clip0_860_6809)\"><path d=\"M6.25033 9.99935L8.75033 12.4993L13.7503 7.49935M18.3337 9.99935C18.3337 14.6017 14.6027 18.3327 10.0003 18.3327C5.39795 18.3327 1.66699 14.6017 1.66699 9.99935C1.66699 5.39698 5.39795 1.66602 10.0003 1.66602C14.6027 1.66602 18.3337 5.39698 18.3337 9.99935Z\" stroke=\"#49A83C\" stroke-width=\"1.5\" stroke-linecap=\"round\" stroke-linejoin=\"round\"><\/path><\/g><defs><clipPath id=\"clip0_860_6809\"><rect width=\"20\" height=\"20\" fill=\"white\"><\/rect><\/clipPath><\/defs><\/svg>\t\t\t\t\t\t<\/span>\n\t\t\t\t\t\t\t\t\t\t<span class=\"elementor-icon-list-text\">Avertissement de convulsions possibles.<\/span>\n\t\t\t\t\t\t\t\t\t<\/li>\n\t\t\t\t\t\t\t\t<li class=\"elementor-icon-list-item\">\n\t\t\t\t\t\t\t\t\t\t\t<span class=\"elementor-icon-list-icon\">\n\t\t\t\t\t\t\t<svg xmlns=\"http:\/\/www.w3.org\/2000\/svg\" width=\"20\" height=\"20\" viewBox=\"0 0 20 20\" fill=\"none\"><g clip-path=\"url(#clip0_860_6809)\"><path d=\"M6.25033 9.99935L8.75033 12.4993L13.7503 7.49935M18.3337 9.99935C18.3337 14.6017 14.6027 18.3327 10.0003 18.3327C5.39795 18.3327 1.66699 14.6017 1.66699 9.99935C1.66699 5.39698 5.39795 1.66602 10.0003 1.66602C14.6027 1.66602 18.3337 5.39698 18.3337 9.99935Z\" stroke=\"#49A83C\" stroke-width=\"1.5\" stroke-linecap=\"round\" stroke-linejoin=\"round\"><\/path><\/g><defs><clipPath id=\"clip0_860_6809\"><rect width=\"20\" height=\"20\" fill=\"white\"><\/rect><\/clipPath><\/defs><\/svg>\t\t\t\t\t\t<\/span>\n\t\t\t\t\t\t\t\t\t\t<span class=\"elementor-icon-list-text\">D\u00e9tecter un taux de glyc\u00e9mie \u00e9lev\u00e9 ou faible chez votre propri\u00e9taire. <\/span>\n\t\t\t\t\t\t\t\t\t<\/li>\n\t\t\t\t\t\t<\/ul>\n\t\t\t\t\t\t<\/div>\n\t\t\t\t<\/div>\n\t\t\t\t<\/div>\n\t\t<div class=\"elementor-element elementor-element-220a733 e-con-full e-flex e-con e-child\" data-id=\"220a733\" data-element_type=\"container\">\n\t\t\t\t<div class=\"elementor-element elementor-element-c2e2ade elementor-widget elementor-widget-image\" data-id=\"c2e2ade\" data-element_type=\"widget\" data-widget_type=\"image.default\">\n\t\t\t\t<div class=\"elementor-widget-container\">\n\t\t\t\t\t\t\t\t\t\t\t\t\t\t\t<img fetchpriority=\"high\" decoding=\"async\" width=\"1400\" height=\"934\" src=\"https:\/\/skyhighdo.com\/wp-content\/uploads\/2025\/04\/sk-que-es-una-mascota-de-servicio.jpg\" class=\"attachment-full size-full wp-image-7376\" alt=\"\" srcset=\"https:\/\/skyhighdo.com\/wp-content\/uploads\/2025\/04\/sk-que-es-una-mascota-de-servicio.jpg 1400w, https:\/\/skyhighdo.com\/wp-content\/uploads\/2025\/04\/sk-que-es-una-mascota-de-servicio-300x200.jpg 300w, https:\/\/skyhighdo.com\/wp-content\/uploads\/2025\/04\/sk-que-es-una-mascota-de-servicio-1024x683.jpg 1024w, https:\/\/skyhighdo.com\/wp-content\/uploads\/2025\/04\/sk-que-es-una-mascota-de-servicio-768x512.jpg 768w\" sizes=\"(max-width: 1400px) 100vw, 1400px\" \/>\t\t\t\t\t\t\t\t\t\t\t\t\t\t\t<\/div>\n\t\t\t\t<\/div>\n\t\t\t\t<\/div>\n\t\t\t\t\t<\/div>\n\t\t\t\t<\/div>\n\t\t<div class=\"elementor-element elementor-element-9ed60fd e-flex e-con-boxed e-con e-parent\" data-id=\"9ed60fd\" data-element_type=\"container\" data-settings=\"{&quot;background_background&quot;:&quot;classic&quot;}\">\n\t\t\t\t\t<div class=\"e-con-inner\">\n\t\t<div class=\"elementor-element elementor-element-285a580 e-flex e-con-boxed e-con e-child\" data-id=\"285a580\" data-element_type=\"container\">\n\t\t\t\t\t<div class=\"e-con-inner\">\n\t\t\t\t<div class=\"elementor-element elementor-element-afd17a3 elementor-widget elementor-widget-heading\" data-id=\"afd17a3\" data-element_type=\"widget\" data-widget_type=\"heading.default\">\n\t\t\t\t<div class=\"elementor-widget-container\">\n\t\t\t\t\t<div class=\"elementor-heading-title elementor-size-default\">01.<\/div>\t\t\t\t<\/div>\n\t\t\t\t<\/div>\n\t\t\t\t<div class=\"elementor-element elementor-element-b969a07 elementor-widget-mobile__width-initial elementor-widget elementor-widget-heading\" data-id=\"b969a07\" data-element_type=\"widget\" data-widget_type=\"heading.default\">\n\t\t\t\t<div class=\"elementor-widget-container\">\n\t\t\t\t\t<p class=\"elementor-heading-title elementor-size-default\">Seuls les chiens sont accept\u00e9s comme animaux de service.<\/p>\t\t\t\t<\/div>\n\t\t\t\t<\/div>\n\t\t\t\t\t<\/div>\n\t\t\t\t<\/div>\n\t\t<div class=\"elementor-element elementor-element-a526dd6 e-flex e-con-boxed e-con e-child\" data-id=\"a526dd6\" data-element_type=\"container\">\n\t\t\t\t\t<div class=\"e-con-inner\">\n\t\t\t\t<div class=\"elementor-element elementor-element-3a8e204 elementor-widget elementor-widget-heading\" data-id=\"3a8e204\" data-element_type=\"widget\" data-widget_type=\"heading.default\">\n\t\t\t\t<div class=\"elementor-widget-container\">\n\t\t\t\t\t<div class=\"elementor-heading-title elementor-size-default\">02.<\/div>\t\t\t\t<\/div>\n\t\t\t\t<\/div>\n\t\t\t\t<div class=\"elementor-element elementor-element-6a2615e elementor-widget-mobile__width-initial elementor-widget elementor-widget-heading\" data-id=\"6a2615e\" data-element_type=\"widget\" data-widget_type=\"heading.default\">\n\t\t\t\t<div class=\"elementor-widget-container\">\n\t\t\t\t\t<p class=\"elementor-heading-title elementor-size-default\">Un (1) seul chien par passager est accept\u00e9.<\/p>\t\t\t\t<\/div>\n\t\t\t\t<\/div>\n\t\t\t\t\t<\/div>\n\t\t\t\t<\/div>\n\t\t<div class=\"elementor-element elementor-element-d86f911 e-flex e-con-boxed e-con e-child\" data-id=\"d86f911\" data-element_type=\"container\">\n\t\t\t\t\t<div class=\"e-con-inner\">\n\t\t\t\t<div class=\"elementor-element elementor-element-aaed3e3 elementor-widget elementor-widget-heading\" data-id=\"aaed3e3\" data-element_type=\"widget\" data-widget_type=\"heading.default\">\n\t\t\t\t<div class=\"elementor-widget-container\">\n\t\t\t\t\t<div class=\"elementor-heading-title elementor-size-default\">03.<\/div>\t\t\t\t<\/div>\n\t\t\t\t<\/div>\n\t\t\t\t<div class=\"elementor-element elementor-element-42874c6 elementor-widget-mobile__width-initial elementor-widget elementor-widget-heading\" data-id=\"42874c6\" data-element_type=\"widget\" data-widget_type=\"heading.default\">\n\t\t\t\t<div class=\"elementor-widget-container\">\n\t\t\t\t\t<p class=\"elementor-heading-title elementor-size-default\">Pr\u00e9venez 48 heures avant le d\u00e9part de votre vol que vous voyagerez avec un animal d'assistance.<\/p>\t\t\t\t<\/div>\n\t\t\t\t<\/div>\n\t\t\t\t\t<\/div>\n\t\t\t\t<\/div>\n\t\t<div class=\"elementor-element elementor-element-71004b3 e-flex e-con-boxed e-con e-child\" data-id=\"71004b3\" data-element_type=\"container\">\n\t\t\t\t\t<div class=\"e-con-inner\">\n\t\t\t\t<div class=\"elementor-element elementor-element-d2a9a3c elementor-widget elementor-widget-heading\" data-id=\"d2a9a3c\" data-element_type=\"widget\" data-widget_type=\"heading.default\">\n\t\t\t\t<div class=\"elementor-widget-container\">\n\t\t\t\t\t<div class=\"elementor-heading-title elementor-size-default\">04.<\/div>\t\t\t\t<\/div>\n\t\t\t\t<\/div>\n\t\t\t\t<div class=\"elementor-element elementor-element-0caf795 elementor-widget-mobile__width-initial elementor-widget elementor-widget-heading\" data-id=\"0caf795\" data-element_type=\"widget\" data-widget_type=\"heading.default\">\n\t\t\t\t<div class=\"elementor-widget-container\">\n\t\t\t\t\t<p class=\"elementor-heading-title elementor-size-default\">Le chien ne doit pas monter sur les si\u00e8ges.<\/p>\t\t\t\t<\/div>\n\t\t\t\t<\/div>\n\t\t\t\t\t<\/div>\n\t\t\t\t<\/div>\n\t\t<div class=\"elementor-element elementor-element-811400b e-flex e-con-boxed e-con e-child\" data-id=\"811400b\" data-element_type=\"container\">\n\t\t\t\t\t<div class=\"e-con-inner\">\n\t\t\t\t<div class=\"elementor-element elementor-element-0097cd1 elementor-widget elementor-widget-heading\" data-id=\"0097cd1\" data-element_type=\"widget\" data-widget_type=\"heading.default\">\n\t\t\t\t<div class=\"elementor-widget-container\">\n\t\t\t\t\t<div class=\"elementor-heading-title elementor-size-default\">05.<\/div>\t\t\t\t<\/div>\n\t\t\t\t<\/div>\n\t\t\t\t<div class=\"elementor-element elementor-element-694c456 elementor-widget-mobile__width-initial elementor-widget elementor-widget-heading\" data-id=\"694c456\" data-element_type=\"widget\" data-widget_type=\"heading.default\">\n\t\t\t\t<div class=\"elementor-widget-container\">\n\t\t\t\t\t<p class=\"elementor-heading-title elementor-size-default\">Les animaux domestiques doivent rester avec le passager \u00e0 tout moment.<\/p>\t\t\t\t<\/div>\n\t\t\t\t<\/div>\n\t\t\t\t\t<\/div>\n\t\t\t\t<\/div>\n\t\t\t\t\t<\/div>\n\t\t\t\t<\/div>\n\t\t<div class=\"elementor-element elementor-element-d2cb642 e-flex e-con-boxed e-con e-parent\" data-id=\"d2cb642\" data-element_type=\"container\" data-settings=\"{&quot;background_background&quot;:&quot;classic&quot;}\">\n\t\t\t\t\t<div class=\"e-con-inner\">\n\t\t<div class=\"elementor-element elementor-element-cdb9d96 e-con-full e-flex e-con e-child\" data-id=\"cdb9d96\" data-element_type=\"container\">\n\t\t\t\t<div class=\"elementor-element elementor-element-7aed78c elementor-widget elementor-widget-image\" data-id=\"7aed78c\" data-element_type=\"widget\" data-widget_type=\"image.default\">\n\t\t\t\t<div class=\"elementor-widget-container\">\n\t\t\t\t\t\t\t\t\t\t\t\t\t\t\t<img decoding=\"async\" width=\"1400\" height=\"935\" src=\"https:\/\/skyhighdo.com\/wp-content\/uploads\/2025\/04\/documentacion-necesaria-viaje-sk.jpg\" class=\"attachment-full size-full wp-image-7379\" alt=\"\" srcset=\"https:\/\/skyhighdo.com\/wp-content\/uploads\/2025\/04\/documentacion-necesaria-viaje-sk.jpg 1400w, https:\/\/skyhighdo.com\/wp-content\/uploads\/2025\/04\/documentacion-necesaria-viaje-sk-300x200.jpg 300w, https:\/\/skyhighdo.com\/wp-content\/uploads\/2025\/04\/documentacion-necesaria-viaje-sk-1024x684.jpg 1024w, https:\/\/skyhighdo.com\/wp-content\/uploads\/2025\/04\/documentacion-necesaria-viaje-sk-768x513.jpg 768w\" sizes=\"(max-width: 1400px) 100vw, 1400px\" \/>\t\t\t\t\t\t\t\t\t\t\t\t\t\t\t<\/div>\n\t\t\t\t<\/div>\n\t\t\t\t<\/div>\n\t\t<div class=\"elementor-element elementor-element-acec003 e-con-full e-flex e-con e-child\" data-id=\"acec003\" data-element_type=\"container\" data-settings=\"{&quot;background_background&quot;:&quot;classic&quot;}\">\n\t\t\t\t<div class=\"elementor-element elementor-element-d66f160 elementor-widget elementor-widget-heading\" data-id=\"d66f160\" data-element_type=\"widget\" data-widget_type=\"heading.default\">\n\t\t\t\t<div class=\"elementor-widget-container\">\n\t\t\t\t\t<div class=\"elementor-heading-title elementor-size-default\">Documents de voyage n\u00e9cessaires<\/div>\t\t\t\t<\/div>\n\t\t\t\t<\/div>\n\t\t\t\t<div class=\"elementor-element elementor-element-37bba69 elementor-icon-list--layout-traditional elementor-list-item-link-full_width elementor-widget elementor-widget-icon-list\" data-id=\"37bba69\" data-element_type=\"widget\" data-widget_type=\"icon-list.default\">\n\t\t\t\t<div class=\"elementor-widget-container\">\n\t\t\t\t\t\t\t<ul class=\"elementor-icon-list-items\">\n\t\t\t\t\t\t\t<li class=\"elementor-icon-list-item\">\n\t\t\t\t\t\t\t\t\t\t\t<span class=\"elementor-icon-list-icon\">\n\t\t\t\t\t\t\t<svg xmlns=\"http:\/\/www.w3.org\/2000\/svg\" width=\"20\" height=\"20\" viewBox=\"0 0 20 20\" fill=\"none\"><g clip-path=\"url(#clip0_860_6809)\"><path d=\"M6.25033 9.99935L8.75033 12.4993L13.7503 7.49935M18.3337 9.99935C18.3337 14.6017 14.6027 18.3327 10.0003 18.3327C5.39795 18.3327 1.66699 14.6017 1.66699 9.99935C1.66699 5.39698 5.39795 1.66602 10.0003 1.66602C14.6027 1.66602 18.3337 5.39698 18.3337 9.99935Z\" stroke=\"#49A83C\" stroke-width=\"1.5\" stroke-linecap=\"round\" stroke-linejoin=\"round\"><\/path><\/g><defs><clipPath id=\"clip0_860_6809\"><rect width=\"20\" height=\"20\" fill=\"white\"><\/rect><\/clipPath><\/defs><\/svg>\t\t\t\t\t\t<\/span>\n\t\t\t\t\t\t\t\t\t\t<span class=\"elementor-icon-list-text\">une pi\u00e8ce d'identit\u00e9 certifiant que le chien est un animal d'assistance.<\/span>\n\t\t\t\t\t\t\t\t\t<\/li>\n\t\t\t\t\t\t\t\t<li class=\"elementor-icon-list-item\">\n\t\t\t\t\t\t\t\t\t\t\t<span class=\"elementor-icon-list-icon\">\n\t\t\t\t\t\t\t<svg xmlns=\"http:\/\/www.w3.org\/2000\/svg\" width=\"20\" height=\"20\" viewBox=\"0 0 20 20\" fill=\"none\"><g clip-path=\"url(#clip0_860_6809)\"><path d=\"M6.25033 9.99935L8.75033 12.4993L13.7503 7.49935M18.3337 9.99935C18.3337 14.6017 14.6027 18.3327 10.0003 18.3327C5.39795 18.3327 1.66699 14.6017 1.66699 9.99935C1.66699 5.39698 5.39795 1.66602 10.0003 1.66602C14.6027 1.66602 18.3337 5.39698 18.3337 9.99935Z\" stroke=\"#49A83C\" stroke-width=\"1.5\" stroke-linecap=\"round\" stroke-linejoin=\"round\"><\/path><\/g><defs><clipPath id=\"clip0_860_6809\"><rect width=\"20\" height=\"20\" fill=\"white\"><\/rect><\/clipPath><\/defs><\/svg>\t\t\t\t\t\t<\/span>\n\t\t\t\t\t\t\t\t\t\t<span class=\"elementor-icon-list-text\">Preuve des vaccinations et certificat de bonne sant\u00e9.<\/span>\n\t\t\t\t\t\t\t\t\t<\/li>\n\t\t\t\t\t\t\t\t<li class=\"elementor-icon-list-item\">\n\t\t\t\t\t\t\t\t\t\t\t<span class=\"elementor-icon-list-icon\">\n\t\t\t\t\t\t\t<svg xmlns=\"http:\/\/www.w3.org\/2000\/svg\" width=\"20\" height=\"20\" viewBox=\"0 0 20 20\" fill=\"none\"><g clip-path=\"url(#clip0_860_6809)\"><path d=\"M6.25033 9.99935L8.75033 12.4993L13.7503 7.49935M18.3337 9.99935C18.3337 14.6017 14.6027 18.3327 10.0003 18.3327C5.39795 18.3327 1.66699 14.6017 1.66699 9.99935C1.66699 5.39698 5.39795 1.66602 10.0003 1.66602C14.6027 1.66602 18.3337 5.39698 18.3337 9.99935Z\" stroke=\"#49A83C\" stroke-width=\"1.5\" stroke-linecap=\"round\" stroke-linejoin=\"round\"><\/path><\/g><defs><clipPath id=\"clip0_860_6809\"><rect width=\"20\" height=\"20\" fill=\"white\"><\/rect><\/clipPath><\/defs><\/svg>\t\t\t\t\t\t<\/span>\n\t\t\t\t\t\t\t\t\t\t<span class=\"elementor-icon-list-text\">Documents requis pour l'entr\u00e9e dans le pays o\u00f9 vous vous rendez.<\/span>\n\t\t\t\t\t\t\t\t\t<\/li>\n\t\t\t\t\t\t<\/ul>\n\t\t\t\t\t\t<\/div>\n\t\t\t\t<\/div>\n\t\t<div class=\"elementor-element elementor-element-15e3e3e e-con-full e-flex e-con e-child\" data-id=\"15e3e3e\" data-element_type=\"container\">\n\t\t\t\t<div class=\"elementor-element elementor-element-7e86d0b elementor-view-default elementor-widget elementor-widget-icon\" data-id=\"7e86d0b\" data-element_type=\"widget\" data-widget_type=\"icon.default\">\n\t\t\t\t<div class=\"elementor-widget-container\">\n\t\t\t\t\t\t\t<div class=\"elementor-icon-wrapper\">\n\t\t\t<div class=\"elementor-icon\">\n\t\t\t<svg xmlns=\"http:\/\/www.w3.org\/2000\/svg\" width=\"20\" height=\"20\" viewBox=\"0 0 20 20\" fill=\"none\"><g clip-path=\"url(#clip0_860_6809)\"><path d=\"M6.25033 9.99935L8.75033 12.4993L13.7503 7.49935M18.3337 9.99935C18.3337 14.6017 14.6027 18.3327 10.0003 18.3327C5.39795 18.3327 1.66699 14.6017 1.66699 9.99935C1.66699 5.39698 5.39795 1.66602 10.0003 1.66602C14.6027 1.66602 18.3337 5.39698 18.3337 9.99935Z\" stroke=\"#49A83C\" stroke-width=\"1.5\" stroke-linecap=\"round\" stroke-linejoin=\"round\"><\/path><\/g><defs><clipPath id=\"clip0_860_6809\"><rect width=\"20\" height=\"20\" fill=\"white\"><\/rect><\/clipPath><\/defs><\/svg>\t\t\t<\/div>\n\t\t<\/div>\n\t\t\t\t\t\t<\/div>\n\t\t\t\t<\/div>\n\t\t\t\t<div class=\"elementor-element elementor-element-3b6804a elementor-widget elementor-widget-text-editor\" data-id=\"3b6804a\" data-element_type=\"widget\" data-widget_type=\"text-editor.default\">\n\t\t\t\t<div class=\"elementor-widget-container\">\n\t\t\t\t\t\t\t\t\t<p>Si vous rendez aux \u00c9tats-Unis, vous devez remplir le Service Animal Air Transport Form et\/ou le United States Department of Transportation&#8217;s Service Animal Exemption Declaration Form.<\/p><p><strong>T\u00e9l\u00e9charger les formulaires :<\/strong><\/p><ul><li><a href=\"https:\/\/www.transportation.gov\/individuals\/aviation-consumer-protection\/service-animals\/Air_Transportation_Form\" target=\"_blank\" rel=\"noopener\">Transport a\u00e9rien d&#8217;animaux d&#8217;assistance.<\/a><\/li><li><a href=\"https:\/\/www.transportation.gov\/individuals\/aviation-consumer-protection\/service-animals\/Relief_Form\" target=\"_blank\" rel=\"noopener\">Certification du Service d&#8217;aide aux animaux.<\/a><\/li><\/ul>\t\t\t\t\t\t\t\t<\/div>\n\t\t\t\t<\/div>\n\t\t\t\t<\/div>\n\t\t\t\t<div data-dce-advanced-background-color=\"#F9F9F9\" class=\"elementor-element elementor-element-202e48c elementor-align-left elementor-icon-list--layout-traditional elementor-list-item-link-full_width elementor-widget elementor-widget-icon-list\" data-id=\"202e48c\" data-element_type=\"widget\" data-widget_type=\"icon-list.default\">\n\t\t\t\t<div class=\"elementor-widget-container\">\n\t\t\t\t\t\t\t<ul class=\"elementor-icon-list-items\">\n\t\t\t\t\t\t\t<li class=\"elementor-icon-list-item\">\n\t\t\t\t\t\t\t\t\t\t\t<span class=\"elementor-icon-list-icon\">\n\t\t\t\t\t\t\t<svg xmlns=\"http:\/\/www.w3.org\/2000\/svg\" width=\"20\" height=\"20\" viewBox=\"0 0 20 20\" fill=\"none\"><g clip-path=\"url(#clip0_860_6768)\"><path d=\"M10.0003 13.3327V9.99935M10.0003 6.66602H10.0087M18.3337 9.99935C18.3337 14.6017 14.6027 18.3327 10.0003 18.3327C5.39795 18.3327 1.66699 14.6017 1.66699 9.99935C1.66699 5.39698 5.39795 1.66602 10.0003 1.66602C14.6027 1.66602 18.3337 5.39698 18.3337 9.99935Z\" stroke=\"#E35325\" stroke-width=\"2\" stroke-linecap=\"round\" stroke-linejoin=\"round\"><\/path><\/g><defs><clipPath id=\"clip0_860_6768\"><rect width=\"20\" height=\"20\" fill=\"white\"><\/rect><\/clipPath><\/defs><\/svg>\t\t\t\t\t\t<\/span>\n\t\t\t\t\t\t\t\t\t\t<span class=\"elementor-icon-list-text\"><strong>Remarque :<\/strong> Le chien peut se voir refuser le transport en cabine s'il d\u00e9gage une mauvaise odeur, s'il a un mauvais comportement tel qu'aboyer, grogner, attaquer les autres passagers. Si le chien n'est pas conforme aux conditions de voyage du pays de destination, il doit \u00eatre refus\u00e9 \u00e0 l'embarquement jusqu'\u00e0 ce qu'il r\u00e9ponde aux exigences du pays. Le passager est responsable des co\u00fbts de ces changements.  <\/span>\n\t\t\t\t\t\t\t\t\t<\/li>\n\t\t\t\t\t\t<\/ul>\n\t\t\t\t\t\t<\/div>\n\t\t\t\t<\/div>\n\t\t\t\t<\/div>\n\t\t\t\t\t<\/div>\n\t\t\t\t<\/div>\n\t\t\t\t<\/div>\n\t\t","protected":false},"excerpt":{"rendered":"<p>Animaux de service \u00bfQu&#8217;est-ce qu&#8217;un animal de compagnie? Animaux dress\u00e9s pour fournir une assistance ou effectuer des t\u00e2ches pour les personnes handicap\u00e9es. Ils peuvent : Guider les personnes aveugles. Avertissement de convulsions possibles. D\u00e9tecter un taux de glyc\u00e9mie \u00e9lev\u00e9 ou faible chez votre propri\u00e9taire. 01. Seuls les chiens sont accept\u00e9s comme animaux de service. 02. [&hellip;]<\/p>\n","protected":false},"author":1,"featured_media":0,"parent":0,"menu_order":0,"comment_status":"closed","ping_status":"closed","template":"elementor_header_footer","meta":{"_acf_changed":false,"inline_featured_image":false,"site-sidebar-layout":"no-sidebar","site-content-layout":"","ast-site-content-layout":"full-width-container","site-content-style":"default","site-sidebar-style":"default","ast-global-header-display":"","ast-banner-title-visibility":"","ast-main-header-display":"","ast-hfb-above-header-display":"","ast-hfb-below-header-display":"","ast-hfb-mobile-header-display":"","site-post-title":"disabled","ast-breadcrumbs-content":"","ast-featured-img":"disabled","footer-sml-layout":"","ast-disable-related-posts":"","theme-transparent-header-meta":"default","adv-header-id-meta":"","stick-header-meta":"default","header-above-stick-meta":"","header-main-stick-meta":"","header-below-stick-meta":"","astra-migrate-meta-layouts":"set","ast-page-background-enabled":"default","ast-page-background-meta":{"desktop":{"background-color":"var(--ast-global-color-4)","background-image":"","background-repeat":"repeat","background-position":"center center","background-size":"auto","background-attachment":"scroll","background-type":"","background-media":"","overlay-type":"","overlay-color":"","overlay-opacity":"","overlay-gradient":""},"tablet":{"background-color":"","background-image":"","background-repeat":"repeat","background-position":"center center","background-size":"auto","background-attachment":"scroll","background-type":"","background-media":"","overlay-type":"","overlay-color":"","overlay-opacity":"","overlay-gradient":""},"mobile":{"background-color":"","background-image":"","background-repeat":"repeat","background-position":"center center","background-size":"auto","background-attachment":"scroll","background-type":"","background-media":"","overlay-type":"","overlay-color":"","overlay-opacity":"","overlay-gradient":""}},"ast-content-background-meta":{"desktop":{"background-color":"var(--ast-global-color-5)","background-image":"","background-repeat":"repeat","background-position":"center center","background-size":"auto","background-attachment":"scroll","background-type":"","background-media":"","overlay-type":"","overlay-color":"","overlay-opacity":"","overlay-gradient":""},"tablet":{"background-color":"var(--ast-global-color-5)","background-image":"","background-repeat":"repeat","background-position":"center center","background-size":"auto","background-attachment":"scroll","background-type":"","background-media":"","overlay-type":"","overlay-color":"","overlay-opacity":"","overlay-gradient":""},"mobile":{"background-color":"var(--ast-global-color-5)","background-image":"","background-repeat":"repeat","background-position":"center center","background-size":"auto","background-attachment":"scroll","background-type":"","background-media":"","overlay-type":"","overlay-color":"","overlay-opacity":"","overlay-gradient":""}},"footnotes":""},"class_list":["post-6090","page","type-page","status-publish","hentry"],"acf":[],"_links":{"self":[{"href":"https:\/\/skyhighdo.com\/fr\/wp-json\/wp\/v2\/pages\/6090","targetHints":{"allow":["GET"]}}],"collection":[{"href":"https:\/\/skyhighdo.com\/fr\/wp-json\/wp\/v2\/pages"}],"about":[{"href":"https:\/\/skyhighdo.com\/fr\/wp-json\/wp\/v2\/types\/page"}],"author":[{"embeddable":true,"href":"https:\/\/skyhighdo.com\/fr\/wp-json\/wp\/v2\/users\/1"}],"replies":[{"embeddable":true,"href":"https:\/\/skyhighdo.com\/fr\/wp-json\/wp\/v2\/comments?post=6090"}],"version-history":[{"count":0,"href":"https:\/\/skyhighdo.com\/fr\/wp-json\/wp\/v2\/pages\/6090\/revisions"}],"wp:attachment":[{"href":"https:\/\/skyhighdo.com\/fr\/wp-json\/wp\/v2\/media?parent=6090"}],"curies":[{"name":"wp","href":"https:\/\/api.w.org\/{rel}","templated":true}]}}