{"id":7312,"date":"2025-04-24T10:34:03","date_gmt":"2025-04-24T14:34:03","guid":{"rendered":"https:\/\/beta.skyhighdo.com\/?page_id=7312"},"modified":"2025-04-24T10:45:27","modified_gmt":"2025-04-24T14:45:27","slug":"assistance-et-accessibilite","status":"publish","type":"page","link":"https:\/\/skyhighdo.com\/fr\/assistance-et-accessibilite\/","title":{"rendered":"Assistance et accessibilit\u00e9"},"content":{"rendered":"\t\t<div data-elementor-type=\"wp-page\" data-elementor-id=\"7312\" class=\"elementor elementor-7312 elementor-7310\" data-elementor-post-type=\"page\">\n\t\t\t\t<div class=\"elementor-element elementor-element-6b58750 e-flex e-con-boxed e-con e-parent\" data-id=\"6b58750\" data-element_type=\"container\">\n\t\t\t\t\t<div class=\"e-con-inner\">\n\t\t\t\t<div class=\"elementor-element elementor-element-e1f87df elementor-widget elementor-widget-heading\" data-id=\"e1f87df\" data-element_type=\"widget\" data-widget_type=\"heading.default\">\n\t\t\t\t<div class=\"elementor-widget-container\">\n\t\t\t\t\t<h1 class=\"elementor-heading-title elementor-size-default\">Assistance et accessibilit\u00e9<\/h1>\t\t\t\t<\/div>\n\t\t\t\t<\/div>\n\t\t\t\t<div class=\"elementor-element elementor-element-b3f5347 elementor-widget-divider--view-line elementor-widget elementor-widget-divider\" data-id=\"b3f5347\" data-element_type=\"widget\" data-widget_type=\"divider.default\">\n\t\t\t\t<div class=\"elementor-widget-container\">\n\t\t\t\t\t\t\t<div class=\"elementor-divider\">\n\t\t\t<span class=\"elementor-divider-separator\">\n\t\t\t\t\t\t<\/span>\n\t\t<\/div>\n\t\t\t\t\t\t<\/div>\n\t\t\t\t<\/div>\n\t\t\t\t<div class=\"elementor-element elementor-element-a18ca7e elementor-widget elementor-widget-text-editor\" data-id=\"a18ca7e\" data-element_type=\"widget\" data-widget_type=\"text-editor.default\">\n\t\t\t\t<div class=\"elementor-widget-container\">\n\t\t\t\t\t\t\t\t\t<p>Vous voyagez avec un fauteuil roulant, un animal d&#8217;assistance ou vous souffrez d&#8217;un probl\u00e8me de sant\u00e9 ? Nous veillons \u00e0 ce que votre voyage soit s\u00fbr, confortable et sans tracas. Voir la section &#8221; <a href=\"https:\/\/skyhighdo.com\/fr\/service-mascotte\/\" target=\"_blank\" rel=\"noopener\">Voyager avec un animal d&#8217;assistance<\/a> &#8221; pour plus d&#8217;informations \u00e0 ce sujet.<\/p><h2>Assistance aux fauteuils roulants dans les a\u00e9roports<\/h2><p>Skyhigh offre une assistance aux personnes \u00e0 mobilit\u00e9 r\u00e9duite ou en fauteuil roulant dans tous les a\u00e9roports. Nous pouvons fournir une assistance \u00e0 l&#8217;embarquement et au d\u00e9barquement dans les a\u00e9roports de d\u00e9part et de destination. Vous pouvez demander ce service lors de l&#8217;achat de votre billet ou lorsque vous vous pr\u00e9sentez \u00e0 notre comptoir \u00e0 l&#8217;a\u00e9roport le jour de votre vol.<\/p><p>Si vous voyagez avec votre propre fauteuil roulant, veuillez en informer le comptoir de l&#8217;a\u00e9roport.<\/p><h2>Autres dispositifs d&#8217;assistance<\/h2><p>Les appareils d&#8217;assistance qui peuvent \u00eatre rang\u00e9s en toute s\u00e9curit\u00e9 dans le compartiment sup\u00e9rieur ou sous le si\u00e8ge du client peuvent \u00eatre transport\u00e9s en cabine et ne sont pas pris en compte dans la franchise de bagages en cabine.<\/p><p>Lire la suite : <a href=\"https:\/\/www.transportation.gov\/airconsumer\/disabilitybillofrights\" target=\"_blank\" rel=\"noopener\">Charte des droits des passagers handicap\u00e9s<\/a><\/p>\t\t\t\t\t\t\t\t<\/div>\n\t\t\t\t<\/div>\n\t\t\t\t\t<\/div>\n\t\t\t\t<\/div>\n\t\t\t\t<\/div>\n\t\t","protected":false},"excerpt":{"rendered":"<p>Vous voyagez avec un fauteuil roulant, un animal d&#8217;assistance ou vous souffrez d&#8217;un probl\u00e8me de sant\u00e9 ? Nous veillons \u00e0 ce que votre voyage soit s\u00fbr, confortable et sans tracas. Voir la section &#8221; Voyager avec un animal d&#8217;assistance &#8221; pour plus d&#8217;informations \u00e0 ce sujet. Assistance aux fauteuils roulants dans les a\u00e9roports Skyhigh offre [&hellip;]<\/p>\n","protected":false},"author":1,"featured_media":0,"parent":0,"menu_order":0,"comment_status":"closed","ping_status":"closed","template":"elementor_header_footer","meta":{"_acf_changed":false,"inline_featured_image":false,"site-sidebar-layout":"no-sidebar","site-content-layout":"","ast-site-content-layout":"full-width-container","site-content-style":"default","site-sidebar-style":"default","ast-global-header-display":"","ast-banner-title-visibility":"","ast-main-header-display":"","ast-hfb-above-header-display":"","ast-hfb-below-header-display":"","ast-hfb-mobile-header-display":"","site-post-title":"disabled","ast-breadcrumbs-content":"","ast-featured-img":"disabled","footer-sml-layout":"","ast-disable-related-posts":"","theme-transparent-header-meta":"default","adv-header-id-meta":"","stick-header-meta":"default","header-above-stick-meta":"","header-main-stick-meta":"","header-below-stick-meta":"","astra-migrate-meta-layouts":"set","ast-page-background-enabled":"default","ast-page-background-meta":{"desktop":{"background-color":"var(--ast-global-color-4)","background-image":"","background-repeat":"repeat","background-position":"center center","background-size":"auto","background-attachment":"scroll","background-type":"","background-media":"","overlay-type":"","overlay-color":"","overlay-opacity":"","overlay-gradient":""},"tablet":{"background-color":"","background-image":"","background-repeat":"repeat","background-position":"center center","background-size":"auto","background-attachment":"scroll","background-type":"","background-media":"","overlay-type":"","overlay-color":"","overlay-opacity":"","overlay-gradient":""},"mobile":{"background-color":"","background-image":"","background-repeat":"repeat","background-position":"center center","background-size":"auto","background-attachment":"scroll","background-type":"","background-media":"","overlay-type":"","overlay-color":"","overlay-opacity":"","overlay-gradient":""}},"ast-content-background-meta":{"desktop":{"background-color":"var(--ast-global-color-5)","background-image":"","background-repeat":"repeat","background-position":"center center","background-size":"auto","background-attachment":"scroll","background-type":"","background-media":"","overlay-type":"","overlay-color":"","overlay-opacity":"","overlay-gradient":""},"tablet":{"background-color":"var(--ast-global-color-5)","background-image":"","background-repeat":"repeat","background-position":"center center","background-size":"auto","background-attachment":"scroll","background-type":"","background-media":"","overlay-type":"","overlay-color":"","overlay-opacity":"","overlay-gradient":""},"mobile":{"background-color":"var(--ast-global-color-5)","background-image":"","background-repeat":"repeat","background-position":"center center","background-size":"auto","background-attachment":"scroll","background-type":"","background-media":"","overlay-type":"","overlay-color":"","overlay-opacity":"","overlay-gradient":""}},"footnotes":""},"class_list":["post-7312","page","type-page","status-publish","hentry"],"acf":[],"_links":{"self":[{"href":"https:\/\/skyhighdo.com\/fr\/wp-json\/wp\/v2\/pages\/7312","targetHints":{"allow":["GET"]}}],"collection":[{"href":"https:\/\/skyhighdo.com\/fr\/wp-json\/wp\/v2\/pages"}],"about":[{"href":"https:\/\/skyhighdo.com\/fr\/wp-json\/wp\/v2\/types\/page"}],"author":[{"embeddable":true,"href":"https:\/\/skyhighdo.com\/fr\/wp-json\/wp\/v2\/users\/1"}],"replies":[{"embeddable":true,"href":"https:\/\/skyhighdo.com\/fr\/wp-json\/wp\/v2\/comments?post=7312"}],"version-history":[{"count":0,"href":"https:\/\/skyhighdo.com\/fr\/wp-json\/wp\/v2\/pages\/7312\/revisions"}],"wp:attachment":[{"href":"https:\/\/skyhighdo.com\/fr\/wp-json\/wp\/v2\/media?parent=7312"}],"curies":[{"name":"wp","href":"https:\/\/api.w.org\/{rel}","templated":true}]}}